{"id":21834,"date":"2023-09-18T00:15:22","date_gmt":"2023-09-18T00:15:22","guid":{"rendered":"https:\/\/traumaperspective.com\/?page_id=21834"},"modified":"2024-02-22T17:30:42","modified_gmt":"2024-02-22T17:30:42","slug":"terapia","status":"publish","type":"page","link":"https:\/\/traumaperspective.com\/ca\/terapia\/","title":{"rendered":"Ter\u00e0pia"},"content":{"rendered":"<p><!-- wp:quote --><\/p>\r\n<p>&nbsp;<\/p>\r\n<p><!-- wp:quote --><\/p>\r\n<blockquote class=\"wp-block-quote\"><!-- wp:paragraph -->\r\n<p>Diga&#8217;m el que tems i et dir\u00e9 el que t&#8217;ha passat.<\/p>\r\n<!-- \/wp:paragraph --><cite>Donald Woods Winnicott<\/cite><\/blockquote>\r\n<p><!-- \/wp:quote --><\/p>\r\n<p>Trobar i dominar models de ter\u00e0pia amb perspectiva del trauma va ser un gir transformador per a mi com a professional. Aquests m\u00e8todes permeten als meus clients anar m\u00e9s enll\u00e0 de la comprensi\u00f3 o l&#8217;entrenament d&#8217;habilitats cap al canvi dels patrons que havien creat complicacions actuals.<\/p>\r\n<p>Aix\u00f2 \u00e9s possible perqu\u00e8 el sistema nervi\u00f3s hum\u00e0 t\u00e9 la capacitat innata de processar les experi\u00e8ncies de la manera m\u00e9s adaptativa, igual que el nostre sistema digestiu ho fa amb els aliments.<\/p>\r\n<p>Quan aquest proc\u00e9s natural es veu interromput per experi\u00e8ncies aclaparadores, es pot resultar en <a href=\"https:\/\/traumaperspective.com\/recursos-trauma\/\">trauma<\/a>. I hi ha diferents eines que ens permeten accedir a aquests fragments pesants d&#8217;experi\u00e8ncia no processada i reiniciar la \u201cdigesti\u00f3\u201d de la informaci\u00f3.<\/p>\r\n<p>A la meva feina, combino <a href=\"https:\/\/traumaperspective.com\/sobremi\/\">diversos enfocaments<\/a> diferents segons les necessitats i ritmes de cada client.<\/p>\r\n<p><img fetchpriority=\"high\" decoding=\"async\" class=\"alignnone wp-image-22451 size-full\" src=\"https:\/\/traumaperspective.com\/wp-content\/uploads\/2023\/11\/path-in-country-side-2022-12-15-21-26-30-utc.jpg\" alt=\"\" width=\"1200\" height=\"952\" srcset=\"https:\/\/traumaperspective.com\/wp-content\/uploads\/2023\/11\/path-in-country-side-2022-12-15-21-26-30-utc.jpg 1200w, https:\/\/traumaperspective.com\/wp-content\/uploads\/2023\/11\/path-in-country-side-2022-12-15-21-26-30-utc-300x238.jpg 300w, https:\/\/traumaperspective.com\/wp-content\/uploads\/2023\/11\/path-in-country-side-2022-12-15-21-26-30-utc-1024x812.jpg 1024w, https:\/\/traumaperspective.com\/wp-content\/uploads\/2023\/11\/path-in-country-side-2022-12-15-21-26-30-utc-768x609.jpg 768w, https:\/\/traumaperspective.com\/wp-content\/uploads\/2023\/11\/path-in-country-side-2022-12-15-21-26-30-utc-370x294.jpg 370w, https:\/\/traumaperspective.com\/wp-content\/uploads\/2023\/11\/path-in-country-side-2022-12-15-21-26-30-utc-840x666.jpg 840w, https:\/\/traumaperspective.com\/wp-content\/uploads\/2023\/11\/path-in-country-side-2022-12-15-21-26-30-utc-410x325.jpg 410w, https:\/\/traumaperspective.com\/wp-content\/uploads\/2023\/11\/path-in-country-side-2022-12-15-21-26-30-utc-600x476.jpg 600w\" sizes=\"(max-width: 1200px) 100vw, 1200px\" \/><\/p>\r\n<p><!-- \/wp:quote --><\/p>\r\n<p><!-- wp:gallery {\"linkTo\":\"none\"} --><\/p>\r\n<p>Igual que a la ter\u00e0pia m\u00e9s tradicional, comencem tenint diverses sessions per con\u00e8ixer-nos, comprendre el context de vida del client i establir possibles vies de tractament.<\/p>\r\n<p>Des del principi, introdueixo exercicis i pr\u00e0ctiques dissenyats per ajudar el client a regular el seu sistema nervi\u00f3s di\u00e0riament. Despr\u00e9s avancem en la tasca de processar les experi\u00e8ncies passades que s\u00f3n claus als s\u00edmptomes presents, treballant en la seva integraci\u00f3 de la manera m\u00e9s adaptativa possible.<\/p>\r\n<p>En general, comencem des del passat, ja que \u00e9s on solen formar-se els patrons de comportament, creences i emocions. Despr\u00e9s, si cal, abordem q\u00fcestions presents no resoltes i preparem per als desafiaments futurs.<\/p>","protected":false},"excerpt":{"rendered":"<p>Un espai perqu\u00e8 els clients resolguin les dificultats del present desfent els nusos del passat.<\/p>\n","protected":false},"author":1,"featured_media":22443,"parent":0,"menu_order":0,"comment_status":"closed","ping_status":"closed","template":"","meta":{"footnotes":""},"class_list":["post-21834","page","type-page","status-publish","has-post-thumbnail","hentry"],"yoast_head":"<!-- This site is optimized with the Yoast SEO plugin v27.3 - https:\/\/yoast.com\/product\/yoast-seo-wordpress\/ -->\n<title>Ter\u00e0pia - Trauma Perspective<\/title>\n<meta name=\"robots\" content=\"index, follow, max-snippet:-1, max-image-preview:large, max-video-preview:-1\" \/>\n<link rel=\"canonical\" href=\"https:\/\/traumaperspective.com\/terapia\/\" \/>\n<meta property=\"og:locale\" content=\"ca_ES\" \/>\n<meta property=\"og:type\" content=\"article\" \/>\n<meta property=\"og:title\" content=\"[:es]Terapia[:en]Therapy[:ru]\u0422\u0415\u0420\u0410\u041f\u0418\u042f[:ca]Ter\u00e0pia[:] - Trauma Perspective\" \/>\n<meta property=\"og:description\" content=\"[:es]Un espacio para que los clientes resuelven las dificultades del presente desenredando los nudos del pasado.[:en]A space for clients to address the difficulties of the present by untying the knots of the past.[:ru]\u043f\u0440\u043e\u0441\u0442\u0440\u0430\u043d\u0441\u0442\u0432\u043e \u043f\u043e\u0434\u0434\u0435\u0440\u0436\u043a\u0438 \u0434\u043b\u044f \u043a\u043b\u0438\u0435\u043d\u0442\u043e\u0432, \u0433\u0434\u0435 \u043c\u043e\u0436\u043d\u043e \u043d\u0430\u0439\u0442\u0438 \u043f\u0443\u0442\u0438 \u043a \u0438\u0437\u043c\u0435\u043d\u0435\u043d\u0438\u044e \u043d\u0430\u0441\u0442\u043e\u044f\u0449\u0435\u0433\u043e, \u0440\u0430\u0441\u043f\u0443\u0442\u044b\u0432\u0430\u044f \u0443\u0437\u043b\u044b \u043f\u0440\u043e\u0448\u043b\u043e\u0433\u043e.[:ca]Un espai perqu\u00e8 els clients resolguin les dificultats del present desfent els nusos del passat.[:]\" \/>\n<meta property=\"og:url\" content=\"https:\/\/traumaperspective.com\/terapia\/\" \/>\n<meta property=\"og:site_name\" content=\"Trauma Perspective\" \/>\n<meta property=\"article:modified_time\" content=\"2024-02-22T17:30:42+00:00\" \/>\n<meta property=\"og:image\" content=\"https:\/\/traumaperspective.com\/wp-content\/uploads\/2023\/11\/garden-stone-path-2021-08-26-17-53-03-utc-scaled-e1701162327455.jpg\" \/>\n\t<meta property=\"og:image:width\" content=\"667\" \/>\n\t<meta property=\"og:image:height\" content=\"1000\" \/>\n\t<meta property=\"og:image:type\" content=\"image\/jpeg\" \/>\n<meta name=\"twitter:card\" content=\"summary_large_image\" \/>\n<meta name=\"twitter:label1\" content=\"Temps estimat de lectura\" \/>\n\t<meta name=\"twitter:data1\" content=\"2 minuts\" \/>\n<script type=\"application\/ld+json\" class=\"yoast-schema-graph\">{\"@context\":\"https:\\\/\\\/schema.org\",\"@graph\":[{\"@type\":\"WebPage\",\"@id\":\"https:\\\/\\\/traumaperspective.com\\\/terapia\\\/\",\"url\":\"https:\\\/\\\/traumaperspective.com\\\/terapia\\\/\",\"name\":\"[:es]Terapia[:en]Therapy[:ru]\u0422\u0415\u0420\u0410\u041f\u0418\u042f[:ca]Ter\u00e0pia[:] - Trauma Perspective\",\"isPartOf\":{\"@id\":\"https:\\\/\\\/traumaperspective.com\\\/#website\"},\"primaryImageOfPage\":{\"@id\":\"https:\\\/\\\/traumaperspective.com\\\/terapia\\\/#primaryimage\"},\"image\":{\"@id\":\"https:\\\/\\\/traumaperspective.com\\\/terapia\\\/#primaryimage\"},\"thumbnailUrl\":\"https:\\\/\\\/traumaperspective.com\\\/wp-content\\\/uploads\\\/2023\\\/11\\\/garden-stone-path-2021-08-26-17-53-03-utc-scaled-e1701162327455.jpg\",\"datePublished\":\"2023-09-18T00:15:22+00:00\",\"dateModified\":\"2024-02-22T17:30:42+00:00\",\"breadcrumb\":{\"@id\":\"https:\\\/\\\/traumaperspective.com\\\/terapia\\\/#breadcrumb\"},\"inLanguage\":\"ca\",\"potentialAction\":[{\"@type\":\"ReadAction\",\"target\":[\"https:\\\/\\\/traumaperspective.com\\\/terapia\\\/\"]}]},{\"@type\":\"ImageObject\",\"inLanguage\":\"ca\",\"@id\":\"https:\\\/\\\/traumaperspective.com\\\/terapia\\\/#primaryimage\",\"url\":\"https:\\\/\\\/traumaperspective.com\\\/wp-content\\\/uploads\\\/2023\\\/11\\\/garden-stone-path-2021-08-26-17-53-03-utc-scaled-e1701162327455.jpg\",\"contentUrl\":\"https:\\\/\\\/traumaperspective.com\\\/wp-content\\\/uploads\\\/2023\\\/11\\\/garden-stone-path-2021-08-26-17-53-03-utc-scaled-e1701162327455.jpg\",\"width\":667,\"height\":1000,\"caption\":\"winding stone path in the park\"},{\"@type\":\"BreadcrumbList\",\"@id\":\"https:\\\/\\\/traumaperspective.com\\\/terapia\\\/#breadcrumb\",\"itemListElement\":[{\"@type\":\"ListItem\",\"position\":1,\"name\":\"Portada\",\"item\":\"https:\\\/\\\/traumaperspective.com\\\/\"},{\"@type\":\"ListItem\",\"position\":2,\"name\":\"Terapia\"}]},{\"@type\":\"WebSite\",\"@id\":\"https:\\\/\\\/traumaperspective.com\\\/#website\",\"url\":\"https:\\\/\\\/traumaperspective.com\\\/\",\"name\":\"Trauma Perspective\",\"description\":\"Trauma Perspective\",\"publisher\":{\"@id\":\"https:\\\/\\\/traumaperspective.com\\\/#organization\"},\"potentialAction\":[{\"@type\":\"SearchAction\",\"target\":{\"@type\":\"EntryPoint\",\"urlTemplate\":\"https:\\\/\\\/traumaperspective.com\\\/?s={search_term_string}\"},\"query-input\":{\"@type\":\"PropertyValueSpecification\",\"valueRequired\":true,\"valueName\":\"search_term_string\"}}],\"inLanguage\":\"ca\"},{\"@type\":\"Organization\",\"@id\":\"https:\\\/\\\/traumaperspective.com\\\/#organization\",\"name\":\"Trauma Perspective\",\"url\":\"https:\\\/\\\/traumaperspective.com\\\/\",\"logo\":{\"@type\":\"ImageObject\",\"inLanguage\":\"ca\",\"@id\":\"https:\\\/\\\/traumaperspective.com\\\/#\\\/schema\\\/logo\\\/image\\\/\",\"url\":\"https:\\\/\\\/traumaperspective.com\\\/wp-content\\\/uploads\\\/2023\\\/09\\\/cropped-icono.png\",\"contentUrl\":\"https:\\\/\\\/traumaperspective.com\\\/wp-content\\\/uploads\\\/2023\\\/09\\\/cropped-icono.png\",\"width\":512,\"height\":512,\"caption\":\"Trauma Perspective\"},\"image\":{\"@id\":\"https:\\\/\\\/traumaperspective.com\\\/#\\\/schema\\\/logo\\\/image\\\/\"}}]}<\/script>\n<!-- \/ Yoast SEO plugin. -->","yoast_head_json":{"title":"[:es]Terapia[:en]Therapy[:ru]\u0422\u0415\u0420\u0410\u041f\u0418\u042f[:ca]Ter\u00e0pia[:] - Trauma Perspective","robots":{"index":"index","follow":"follow","max-snippet":"max-snippet:-1","max-image-preview":"max-image-preview:large","max-video-preview":"max-video-preview:-1"},"canonical":"https:\/\/traumaperspective.com\/terapia\/","og_locale":"ca_ES","og_type":"article","og_title":"[:es]Terapia[:en]Therapy[:ru]\u0422\u0415\u0420\u0410\u041f\u0418\u042f[:ca]Ter\u00e0pia[:] - Trauma Perspective","og_description":"[:es]Un espacio para que los clientes resuelven las dificultades del presente desenredando los nudos del pasado.[:en]A space for clients to address the difficulties of the present by untying the knots of the past.[:ru]\u043f\u0440\u043e\u0441\u0442\u0440\u0430\u043d\u0441\u0442\u0432\u043e \u043f\u043e\u0434\u0434\u0435\u0440\u0436\u043a\u0438 \u0434\u043b\u044f \u043a\u043b\u0438\u0435\u043d\u0442\u043e\u0432, \u0433\u0434\u0435 \u043c\u043e\u0436\u043d\u043e \u043d\u0430\u0439\u0442\u0438 \u043f\u0443\u0442\u0438 \u043a \u0438\u0437\u043c\u0435\u043d\u0435\u043d\u0438\u044e \u043d\u0430\u0441\u0442\u043e\u044f\u0449\u0435\u0433\u043e, \u0440\u0430\u0441\u043f\u0443\u0442\u044b\u0432\u0430\u044f \u0443\u0437\u043b\u044b \u043f\u0440\u043e\u0448\u043b\u043e\u0433\u043e.[:ca]Un espai perqu\u00e8 els clients resolguin les dificultats del present desfent els nusos del passat.[:]","og_url":"https:\/\/traumaperspective.com\/terapia\/","og_site_name":"Trauma Perspective","article_modified_time":"2024-02-22T17:30:42+00:00","og_image":[{"width":667,"height":1000,"url":"https:\/\/traumaperspective.com\/wp-content\/uploads\/2023\/11\/garden-stone-path-2021-08-26-17-53-03-utc-scaled-e1701162327455.jpg","type":"image\/jpeg"}],"twitter_card":"summary_large_image","twitter_misc":{"Temps estimat de lectura":"2 minuts"},"schema":{"@context":"https:\/\/schema.org","@graph":[{"@type":"WebPage","@id":"https:\/\/traumaperspective.com\/terapia\/","url":"https:\/\/traumaperspective.com\/terapia\/","name":"[:es]Terapia[:en]Therapy[:ru]\u0422\u0415\u0420\u0410\u041f\u0418\u042f[:ca]Ter\u00e0pia[:] - Trauma Perspective","isPartOf":{"@id":"https:\/\/traumaperspective.com\/#website"},"primaryImageOfPage":{"@id":"https:\/\/traumaperspective.com\/terapia\/#primaryimage"},"image":{"@id":"https:\/\/traumaperspective.com\/terapia\/#primaryimage"},"thumbnailUrl":"https:\/\/traumaperspective.com\/wp-content\/uploads\/2023\/11\/garden-stone-path-2021-08-26-17-53-03-utc-scaled-e1701162327455.jpg","datePublished":"2023-09-18T00:15:22+00:00","dateModified":"2024-02-22T17:30:42+00:00","breadcrumb":{"@id":"https:\/\/traumaperspective.com\/terapia\/#breadcrumb"},"inLanguage":"ca","potentialAction":[{"@type":"ReadAction","target":["https:\/\/traumaperspective.com\/terapia\/"]}]},{"@type":"ImageObject","inLanguage":"ca","@id":"https:\/\/traumaperspective.com\/terapia\/#primaryimage","url":"https:\/\/traumaperspective.com\/wp-content\/uploads\/2023\/11\/garden-stone-path-2021-08-26-17-53-03-utc-scaled-e1701162327455.jpg","contentUrl":"https:\/\/traumaperspective.com\/wp-content\/uploads\/2023\/11\/garden-stone-path-2021-08-26-17-53-03-utc-scaled-e1701162327455.jpg","width":667,"height":1000,"caption":"winding stone path in the park"},{"@type":"BreadcrumbList","@id":"https:\/\/traumaperspective.com\/terapia\/#breadcrumb","itemListElement":[{"@type":"ListItem","position":1,"name":"Portada","item":"https:\/\/traumaperspective.com\/"},{"@type":"ListItem","position":2,"name":"Terapia"}]},{"@type":"WebSite","@id":"https:\/\/traumaperspective.com\/#website","url":"https:\/\/traumaperspective.com\/","name":"Trauma Perspective","description":"Trauma Perspective","publisher":{"@id":"https:\/\/traumaperspective.com\/#organization"},"potentialAction":[{"@type":"SearchAction","target":{"@type":"EntryPoint","urlTemplate":"https:\/\/traumaperspective.com\/?s={search_term_string}"},"query-input":{"@type":"PropertyValueSpecification","valueRequired":true,"valueName":"search_term_string"}}],"inLanguage":"ca"},{"@type":"Organization","@id":"https:\/\/traumaperspective.com\/#organization","name":"Trauma Perspective","url":"https:\/\/traumaperspective.com\/","logo":{"@type":"ImageObject","inLanguage":"ca","@id":"https:\/\/traumaperspective.com\/#\/schema\/logo\/image\/","url":"https:\/\/traumaperspective.com\/wp-content\/uploads\/2023\/09\/cropped-icono.png","contentUrl":"https:\/\/traumaperspective.com\/wp-content\/uploads\/2023\/09\/cropped-icono.png","width":512,"height":512,"caption":"Trauma Perspective"},"image":{"@id":"https:\/\/traumaperspective.com\/#\/schema\/logo\/image\/"}}]}},"_links":{"self":[{"href":"https:\/\/traumaperspective.com\/ca\/wp-json\/wp\/v2\/pages\/21834","targetHints":{"allow":["GET"]}}],"collection":[{"href":"https:\/\/traumaperspective.com\/ca\/wp-json\/wp\/v2\/pages"}],"about":[{"href":"https:\/\/traumaperspective.com\/ca\/wp-json\/wp\/v2\/types\/page"}],"author":[{"embeddable":true,"href":"https:\/\/traumaperspective.com\/ca\/wp-json\/wp\/v2\/users\/1"}],"replies":[{"embeddable":true,"href":"https:\/\/traumaperspective.com\/ca\/wp-json\/wp\/v2\/comments?post=21834"}],"version-history":[{"count":18,"href":"https:\/\/traumaperspective.com\/ca\/wp-json\/wp\/v2\/pages\/21834\/revisions"}],"predecessor-version":[{"id":23041,"href":"https:\/\/traumaperspective.com\/ca\/wp-json\/wp\/v2\/pages\/21834\/revisions\/23041"}],"wp:featuredmedia":[{"embeddable":true,"href":"https:\/\/traumaperspective.com\/ca\/wp-json\/wp\/v2\/media\/22443"}],"wp:attachment":[{"href":"https:\/\/traumaperspective.com\/ca\/wp-json\/wp\/v2\/media?parent=21834"}],"curies":[{"name":"wp","href":"https:\/\/api.w.org\/{rel}","templated":true}]}}