{"id":22314,"date":"2023-11-10T08:32:54","date_gmt":"2023-11-10T08:32:54","guid":{"rendered":"https:\/\/traumaperspective.com\/?post_type=product&#038;p=22314"},"modified":"2023-12-27T11:50:50","modified_gmt":"2023-12-27T11:50:50","slug":"centering","status":"publish","type":"product","link":"https:\/\/traumaperspective.com\/ca\/product\/centering\/","title":{"rendered":"Centrament"},"content":{"rendered":"<p>Aquesta pr\u00e0ctica ens ajuda a trobar un estat m\u00e9s centrat, relaxat i preparat per a l&#8217;acci\u00f3. La millor manera de dur-la a terme \u00e9s di\u00e0riament perqu\u00e8 el cos i el sistema nervi\u00f3s aprenguin amb el temps a trobar-ho amb m\u00e9s facilitat.<\/p>\n<p>La vaig aprendre de Paul Linden, professor d&#8217;aikido i especialista en treball de pacificaci\u00f3. El seu enfocament es basa en ajudar als clients a assolir l\u00b4equilibri entre l&#8217;Amor i el Poder perqu\u00e8 diu que l&#8217;Amor sense Poder ens fa v\u00edctimes i el Poder sense Amor ens fa agressors.<\/p>\n<p>La pr\u00e0ctica de Centrament ajuda a aconseguir aquest equilibri des del cos.<\/p>\n<p><audio class=\"wp-audio-shortcode\" id=\"audio-22314-4\" preload=\"none\" style=\"width: 100%;\" controls=\"controls\"><source type=\"audio\/mpeg\" src=\"https:\/\/traumaperspective.com\/wp-content\/uploads\/2023\/11\/centering_cat-1.m4a?_=4\" \/><a href=\"https:\/\/traumaperspective.com\/wp-content\/uploads\/2023\/11\/centering_cat-1.m4a\">https:\/\/traumaperspective.com\/wp-content\/uploads\/2023\/11\/centering_cat-1.m4a<\/a><\/audio><\/p>","protected":false},"excerpt":{"rendered":"<p>Aquesta pr\u00e0ctica ens ajuda a trobar un estat m\u00e9s centrat, relaxat i preparat per a l&#8217;acci\u00f3. La millor manera de dur-la a terme \u00e9s di\u00e0riament perqu\u00e8 el cos i el&hellip;<\/p>\n","protected":false},"featured_media":22376,"comment_status":"closed","ping_status":"closed","template":"","meta":[],"product_brand":[],"product_cat":[215],"product_tag":[],"class_list":{"0":"post-22314","1":"product","2":"type-product","3":"status-publish","4":"has-post-thumbnail","6":"product_cat-audio","8":"first","9":"instock","10":"downloadable","11":"virtual","12":"purchasable","13":"product-type-simple"},"yoast_head":"<!-- This site is optimized with the Yoast SEO plugin v27.4 - https:\/\/yoast.com\/product\/yoast-seo-wordpress\/ -->\n<title>Centrament - Trauma Perspective<\/title>\n<meta name=\"robots\" content=\"index, follow, max-snippet:-1, max-image-preview:large, max-video-preview:-1\" \/>\n<link rel=\"canonical\" href=\"https:\/\/traumaperspective.com\/product\/centering\/\" \/>\n<meta property=\"og:locale\" content=\"ca_ES\" \/>\n<meta property=\"og:type\" content=\"article\" \/>\n<meta property=\"og:title\" content=\"[:es]Centramiento[:en]Centering[:ru]\u0426\u0435\u043d\u0442\u0440\u0438\u0440\u043e\u0432\u0430\u043d\u0438\u0435[:ca]Centrament[:] - Trauma Perspective\" \/>\n<meta property=\"og:description\" content=\"Aquesta pr\u00e0ctica ens ajuda a trobar un estat m\u00e9s centrat, relaxat i preparat per a l&#8217;acci\u00f3. La millor manera de dur-la a terme \u00e9s di\u00e0riament perqu\u00e8 el cos i el&hellip;\" \/>\n<meta property=\"og:url\" content=\"https:\/\/traumaperspective.com\/product\/centering\/\" \/>\n<meta property=\"og:site_name\" content=\"Trauma Perspective\" \/>\n<meta property=\"article:modified_time\" content=\"2023-12-27T11:50:50+00:00\" \/>\n<meta property=\"og:image\" content=\"https:\/\/traumaperspective.com\/wp-content\/uploads\/2023\/11\/audio-icon-e1703670588846.jpg\" \/>\n\t<meta property=\"og:image:width\" content=\"200\" \/>\n\t<meta property=\"og:image:height\" content=\"200\" \/>\n\t<meta property=\"og:image:type\" content=\"image\/jpeg\" \/>\n<meta name=\"twitter:card\" content=\"summary_large_image\" \/>\n<meta name=\"twitter:label1\" content=\"Temps estimat de lectura\" \/>\n\t<meta name=\"twitter:data1\" content=\"1 minut\" \/>\n<script type=\"application\/ld+json\" class=\"yoast-schema-graph\">{\"@context\":\"https:\\\/\\\/schema.org\",\"@graph\":[{\"@type\":\"WebPage\",\"@id\":\"https:\\\/\\\/traumaperspective.com\\\/product\\\/centering\\\/\",\"url\":\"https:\\\/\\\/traumaperspective.com\\\/product\\\/centering\\\/\",\"name\":\"[:es]Centramiento[:en]Centering[:ru]\u0426\u0435\u043d\u0442\u0440\u0438\u0440\u043e\u0432\u0430\u043d\u0438\u0435[:ca]Centrament[:] - Trauma Perspective\",\"isPartOf\":{\"@id\":\"https:\\\/\\\/traumaperspective.com\\\/#website\"},\"primaryImageOfPage\":{\"@id\":\"https:\\\/\\\/traumaperspective.com\\\/product\\\/centering\\\/#primaryimage\"},\"image\":{\"@id\":\"https:\\\/\\\/traumaperspective.com\\\/product\\\/centering\\\/#primaryimage\"},\"thumbnailUrl\":\"https:\\\/\\\/traumaperspective.com\\\/wp-content\\\/uploads\\\/2023\\\/11\\\/audio-icon-e1703670588846.jpg\",\"datePublished\":\"2023-11-10T08:32:54+00:00\",\"dateModified\":\"2023-12-27T11:50:50+00:00\",\"breadcrumb\":{\"@id\":\"https:\\\/\\\/traumaperspective.com\\\/product\\\/centering\\\/#breadcrumb\"},\"inLanguage\":\"ca\",\"potentialAction\":[{\"@type\":\"ReadAction\",\"target\":[\"https:\\\/\\\/traumaperspective.com\\\/product\\\/centering\\\/\"]}]},{\"@type\":\"ImageObject\",\"inLanguage\":\"ca\",\"@id\":\"https:\\\/\\\/traumaperspective.com\\\/product\\\/centering\\\/#primaryimage\",\"url\":\"https:\\\/\\\/traumaperspective.com\\\/wp-content\\\/uploads\\\/2023\\\/11\\\/audio-icon-e1703670588846.jpg\",\"contentUrl\":\"https:\\\/\\\/traumaperspective.com\\\/wp-content\\\/uploads\\\/2023\\\/11\\\/audio-icon-e1703670588846.jpg\",\"width\":200,\"height\":200},{\"@type\":\"BreadcrumbList\",\"@id\":\"https:\\\/\\\/traumaperspective.com\\\/product\\\/centering\\\/#breadcrumb\",\"itemListElement\":[{\"@type\":\"ListItem\",\"position\":1,\"name\":\"Portada\",\"item\":\"https:\\\/\\\/traumaperspective.com\\\/\"},{\"@type\":\"ListItem\",\"position\":2,\"name\":\"Products\",\"item\":\"https:\\\/\\\/traumaperspective.com\\\/en\\\/shop\\\/\"},{\"@type\":\"ListItem\",\"position\":3,\"name\":\"Centramiento\"}]},{\"@type\":\"WebSite\",\"@id\":\"https:\\\/\\\/traumaperspective.com\\\/#website\",\"url\":\"https:\\\/\\\/traumaperspective.com\\\/\",\"name\":\"Trauma Perspective\",\"description\":\"Trauma Perspective\",\"publisher\":{\"@id\":\"https:\\\/\\\/traumaperspective.com\\\/#organization\"},\"potentialAction\":[{\"@type\":\"SearchAction\",\"target\":{\"@type\":\"EntryPoint\",\"urlTemplate\":\"https:\\\/\\\/traumaperspective.com\\\/?s={search_term_string}\"},\"query-input\":{\"@type\":\"PropertyValueSpecification\",\"valueRequired\":true,\"valueName\":\"search_term_string\"}}],\"inLanguage\":\"ca\"},{\"@type\":\"Organization\",\"@id\":\"https:\\\/\\\/traumaperspective.com\\\/#organization\",\"name\":\"Trauma Perspective\",\"url\":\"https:\\\/\\\/traumaperspective.com\\\/\",\"logo\":{\"@type\":\"ImageObject\",\"inLanguage\":\"ca\",\"@id\":\"https:\\\/\\\/traumaperspective.com\\\/#\\\/schema\\\/logo\\\/image\\\/\",\"url\":\"https:\\\/\\\/traumaperspective.com\\\/wp-content\\\/uploads\\\/2023\\\/09\\\/cropped-icono.png\",\"contentUrl\":\"https:\\\/\\\/traumaperspective.com\\\/wp-content\\\/uploads\\\/2023\\\/09\\\/cropped-icono.png\",\"width\":512,\"height\":512,\"caption\":\"Trauma Perspective\"},\"image\":{\"@id\":\"https:\\\/\\\/traumaperspective.com\\\/#\\\/schema\\\/logo\\\/image\\\/\"}}]}<\/script>\n<!-- \/ Yoast SEO plugin. -->","yoast_head_json":{"title":"[:es]Centramiento[:en]Centering[:ru]\u0426\u0435\u043d\u0442\u0440\u0438\u0440\u043e\u0432\u0430\u043d\u0438\u0435[:ca]Centrament[:] - Trauma Perspective","robots":{"index":"index","follow":"follow","max-snippet":"max-snippet:-1","max-image-preview":"max-image-preview:large","max-video-preview":"max-video-preview:-1"},"canonical":"https:\/\/traumaperspective.com\/product\/centering\/","og_locale":"ca_ES","og_type":"article","og_title":"[:es]Centramiento[:en]Centering[:ru]\u0426\u0435\u043d\u0442\u0440\u0438\u0440\u043e\u0432\u0430\u043d\u0438\u0435[:ca]Centrament[:] - Trauma Perspective","og_description":"Aquesta pr\u00e0ctica ens ajuda a trobar un estat m\u00e9s centrat, relaxat i preparat per a l&#8217;acci\u00f3. La millor manera de dur-la a terme \u00e9s di\u00e0riament perqu\u00e8 el cos i el&hellip;","og_url":"https:\/\/traumaperspective.com\/product\/centering\/","og_site_name":"Trauma Perspective","article_modified_time":"2023-12-27T11:50:50+00:00","og_image":[{"width":200,"height":200,"url":"https:\/\/traumaperspective.com\/wp-content\/uploads\/2023\/11\/audio-icon-e1703670588846.jpg","type":"image\/jpeg"}],"twitter_card":"summary_large_image","twitter_misc":{"Temps estimat de lectura":"1 minut"},"schema":{"@context":"https:\/\/schema.org","@graph":[{"@type":"WebPage","@id":"https:\/\/traumaperspective.com\/product\/centering\/","url":"https:\/\/traumaperspective.com\/product\/centering\/","name":"[:es]Centramiento[:en]Centering[:ru]\u0426\u0435\u043d\u0442\u0440\u0438\u0440\u043e\u0432\u0430\u043d\u0438\u0435[:ca]Centrament[:] - Trauma Perspective","isPartOf":{"@id":"https:\/\/traumaperspective.com\/#website"},"primaryImageOfPage":{"@id":"https:\/\/traumaperspective.com\/product\/centering\/#primaryimage"},"image":{"@id":"https:\/\/traumaperspective.com\/product\/centering\/#primaryimage"},"thumbnailUrl":"https:\/\/traumaperspective.com\/wp-content\/uploads\/2023\/11\/audio-icon-e1703670588846.jpg","datePublished":"2023-11-10T08:32:54+00:00","dateModified":"2023-12-27T11:50:50+00:00","breadcrumb":{"@id":"https:\/\/traumaperspective.com\/product\/centering\/#breadcrumb"},"inLanguage":"ca","potentialAction":[{"@type":"ReadAction","target":["https:\/\/traumaperspective.com\/product\/centering\/"]}]},{"@type":"ImageObject","inLanguage":"ca","@id":"https:\/\/traumaperspective.com\/product\/centering\/#primaryimage","url":"https:\/\/traumaperspective.com\/wp-content\/uploads\/2023\/11\/audio-icon-e1703670588846.jpg","contentUrl":"https:\/\/traumaperspective.com\/wp-content\/uploads\/2023\/11\/audio-icon-e1703670588846.jpg","width":200,"height":200},{"@type":"BreadcrumbList","@id":"https:\/\/traumaperspective.com\/product\/centering\/#breadcrumb","itemListElement":[{"@type":"ListItem","position":1,"name":"Portada","item":"https:\/\/traumaperspective.com\/"},{"@type":"ListItem","position":2,"name":"Products","item":"https:\/\/traumaperspective.com\/en\/shop\/"},{"@type":"ListItem","position":3,"name":"Centramiento"}]},{"@type":"WebSite","@id":"https:\/\/traumaperspective.com\/#website","url":"https:\/\/traumaperspective.com\/","name":"Trauma Perspective","description":"Trauma Perspective","publisher":{"@id":"https:\/\/traumaperspective.com\/#organization"},"potentialAction":[{"@type":"SearchAction","target":{"@type":"EntryPoint","urlTemplate":"https:\/\/traumaperspective.com\/?s={search_term_string}"},"query-input":{"@type":"PropertyValueSpecification","valueRequired":true,"valueName":"search_term_string"}}],"inLanguage":"ca"},{"@type":"Organization","@id":"https:\/\/traumaperspective.com\/#organization","name":"Trauma Perspective","url":"https:\/\/traumaperspective.com\/","logo":{"@type":"ImageObject","inLanguage":"ca","@id":"https:\/\/traumaperspective.com\/#\/schema\/logo\/image\/","url":"https:\/\/traumaperspective.com\/wp-content\/uploads\/2023\/09\/cropped-icono.png","contentUrl":"https:\/\/traumaperspective.com\/wp-content\/uploads\/2023\/09\/cropped-icono.png","width":512,"height":512,"caption":"Trauma Perspective"},"image":{"@id":"https:\/\/traumaperspective.com\/#\/schema\/logo\/image\/"}}]}},"_links":{"self":[{"href":"https:\/\/traumaperspective.com\/ca\/wp-json\/wp\/v2\/product\/22314","targetHints":{"allow":["GET"]}}],"collection":[{"href":"https:\/\/traumaperspective.com\/ca\/wp-json\/wp\/v2\/product"}],"about":[{"href":"https:\/\/traumaperspective.com\/ca\/wp-json\/wp\/v2\/types\/product"}],"replies":[{"embeddable":true,"href":"https:\/\/traumaperspective.com\/ca\/wp-json\/wp\/v2\/comments?post=22314"}],"wp:featuredmedia":[{"embeddable":true,"href":"https:\/\/traumaperspective.com\/ca\/wp-json\/wp\/v2\/media\/22376"}],"wp:attachment":[{"href":"https:\/\/traumaperspective.com\/ca\/wp-json\/wp\/v2\/media?parent=22314"}],"wp:term":[{"taxonomy":"product_brand","embeddable":true,"href":"https:\/\/traumaperspective.com\/ca\/wp-json\/wp\/v2\/product_brand?post=22314"},{"taxonomy":"product_cat","embeddable":true,"href":"https:\/\/traumaperspective.com\/ca\/wp-json\/wp\/v2\/product_cat?post=22314"},{"taxonomy":"product_tag","embeddable":true,"href":"https:\/\/traumaperspective.com\/ca\/wp-json\/wp\/v2\/product_tag?post=22314"}],"curies":[{"name":"wp","href":"https:\/\/api.w.org\/{rel}","templated":true}]}}