{"id":22392,"date":"2023-11-24T12:55:41","date_gmt":"2023-11-24T12:55:41","guid":{"rendered":"https:\/\/traumaperspective.com\/?post_type=product&#038;p=22392"},"modified":"2023-11-27T12:25:52","modified_gmt":"2023-11-27T12:25:52","slug":"guia-practica","status":"publish","type":"product","link":"https:\/\/traumaperspective.com\/en\/product\/guia-practica\/","title":{"rendered":"Gu\u00eda pr\u00e1ctica"},"content":{"rendered":"<p><\/p>\n<ul>\n<li>Any practice can trigger unexpected intense reactions. Only engage in them if you have minimal support, space, time, and resources. If you don\u2019t have these now, seek help from a professional, don\u2019t try to cope alone!<\/li>\n<li>Before engaging in any practice, decide to give agree with yourself to switch your attention and give yourself a chance to feel a bit better. Trying to regulate yourself while resisting is a futile task (at best, you will blame me, at worst &#8211; yourself) and at the same time, it is extremely common.<\/li>\n<li>Strong feelings are normal. It is normal to experience and express them without harming yourself or others. All these practices are not meant to make you experience less or feel numb, but to help you take a break and do something useful, or simply to feel a little better for a while.<\/li>\n<li>Two opposite reactions to strong feelings are too much (overwhelm, being consumed by emotions) and too little (detachment, dissociation). Both are normal and necessary for survival. In both cases, it is important to engage in practices that help return to a balanced emotional state.<\/li>\n<li>It would be optimal to combine nervous system regulation with actively caring for any existing feelings. To do this in the simplest way, you can imagine the feeling (based on bodily sensations) as a suffering baby or animal that you hold in your attention and take care of. You can put your hand on the place where you feel the emotion to make this caretaking more tangible.<\/li>\n<li>No single practice works for everyone; there is no one for whom nothing worked. Try and make sure to stop immediately if strong unpleasant sensations arise. If none of these practices suit you, there are others.<\/li>\n<li>Tears, trembling, and burping, despite frequent condemnation, are not unpleasant sensations. These are tension release reactions that are very useful for letting go of any &#8220;excess.&#8221;<\/li>\n<li>All these are practices, so the more regularly you do them, the more noticeable their effects will be in the long run.<\/li>\n<\/ul>\n<p><\/p>","protected":false},"excerpt":{"rendered":"<p>Any practice can trigger unexpected intense reactions. Only engage in them if you have minimal support, space, time, and resources. If you don\u2019t have these now, seek help from a&hellip;<\/p>\n","protected":false},"featured_media":22393,"comment_status":"open","ping_status":"closed","template":"","meta":[],"product_brand":[],"product_cat":[216],"product_tag":[],"class_list":{"0":"post-22392","1":"product","2":"type-product","3":"status-publish","4":"has-post-thumbnail","6":"product_cat-documentos","8":"first","9":"instock","10":"shipping-taxable","11":"product-type-simple"},"yoast_head":"<!-- This site is optimized with the Yoast SEO plugin v27.4 - https:\/\/yoast.com\/product\/yoast-seo-wordpress\/ -->\n<title>Gu\u00eda pr\u00e1ctica - Trauma Perspective<\/title>\n<meta name=\"robots\" content=\"index, follow, max-snippet:-1, max-image-preview:large, max-video-preview:-1\" \/>\n<link rel=\"canonical\" href=\"https:\/\/traumaperspective.com\/product\/guia-practica\/\" \/>\n<meta property=\"og:locale\" content=\"en_US\" \/>\n<meta property=\"og:type\" content=\"article\" \/>\n<meta property=\"og:title\" content=\"[:es]Guia pr\u00e1ctica[:en]Gu\u00eda pr\u00e1ctica[:ru]\u041f\u0440\u0430\u043a\u0442\u0438\u0447\u0435\u0441\u043a\u043e\u0435 \u0440\u0443\u043a\u043e\u0432\u043e\u0434\u0441\u0442\u0432\u043e[:ca]Guia pr\u00e0ctica[:] - Trauma Perspective\" \/>\n<meta property=\"og:description\" content=\"Any practice can trigger unexpected intense reactions. Only engage in them if you have minimal support, space, time, and resources. If you don\u2019t have these now, seek help from a&hellip;\" \/>\n<meta property=\"og:url\" content=\"https:\/\/traumaperspective.com\/product\/guia-practica\/\" \/>\n<meta property=\"og:site_name\" content=\"Trauma Perspective\" \/>\n<meta property=\"article:modified_time\" content=\"2023-11-27T12:25:52+00:00\" \/>\n<meta property=\"og:image\" content=\"https:\/\/traumaperspective.com\/wp-content\/uploads\/2023\/11\/document-icon.jpeg\" \/>\n\t<meta property=\"og:image:width\" content=\"1024\" \/>\n\t<meta property=\"og:image:height\" content=\"1024\" \/>\n\t<meta property=\"og:image:type\" content=\"image\/jpeg\" \/>\n<meta name=\"twitter:card\" content=\"summary_large_image\" \/>\n<meta name=\"twitter:label1\" content=\"Est. reading time\" \/>\n\t<meta name=\"twitter:data1\" content=\"5 minutes\" \/>\n<script type=\"application\/ld+json\" class=\"yoast-schema-graph\">{\"@context\":\"https:\\\/\\\/schema.org\",\"@graph\":[{\"@type\":\"WebPage\",\"@id\":\"https:\\\/\\\/traumaperspective.com\\\/product\\\/guia-practica\\\/\",\"url\":\"https:\\\/\\\/traumaperspective.com\\\/product\\\/guia-practica\\\/\",\"name\":\"[:es]Guia pr\u00e1ctica[:en]Gu\u00eda pr\u00e1ctica[:ru]\u041f\u0440\u0430\u043a\u0442\u0438\u0447\u0435\u0441\u043a\u043e\u0435 \u0440\u0443\u043a\u043e\u0432\u043e\u0434\u0441\u0442\u0432\u043e[:ca]Guia pr\u00e0ctica[:] - Trauma Perspective\",\"isPartOf\":{\"@id\":\"https:\\\/\\\/traumaperspective.com\\\/#website\"},\"primaryImageOfPage\":{\"@id\":\"https:\\\/\\\/traumaperspective.com\\\/product\\\/guia-practica\\\/#primaryimage\"},\"image\":{\"@id\":\"https:\\\/\\\/traumaperspective.com\\\/product\\\/guia-practica\\\/#primaryimage\"},\"thumbnailUrl\":\"https:\\\/\\\/traumaperspective.com\\\/wp-content\\\/uploads\\\/2023\\\/11\\\/document-icon.jpeg\",\"datePublished\":\"2023-11-24T12:55:41+00:00\",\"dateModified\":\"2023-11-27T12:25:52+00:00\",\"breadcrumb\":{\"@id\":\"https:\\\/\\\/traumaperspective.com\\\/product\\\/guia-practica\\\/#breadcrumb\"},\"inLanguage\":\"en-US\",\"potentialAction\":[{\"@type\":\"ReadAction\",\"target\":[\"https:\\\/\\\/traumaperspective.com\\\/product\\\/guia-practica\\\/\"]}]},{\"@type\":\"ImageObject\",\"inLanguage\":\"en-US\",\"@id\":\"https:\\\/\\\/traumaperspective.com\\\/product\\\/guia-practica\\\/#primaryimage\",\"url\":\"https:\\\/\\\/traumaperspective.com\\\/wp-content\\\/uploads\\\/2023\\\/11\\\/document-icon.jpeg\",\"contentUrl\":\"https:\\\/\\\/traumaperspective.com\\\/wp-content\\\/uploads\\\/2023\\\/11\\\/document-icon.jpeg\",\"width\":1024,\"height\":1024},{\"@type\":\"BreadcrumbList\",\"@id\":\"https:\\\/\\\/traumaperspective.com\\\/product\\\/guia-practica\\\/#breadcrumb\",\"itemListElement\":[{\"@type\":\"ListItem\",\"position\":1,\"name\":\"Portada\",\"item\":\"https:\\\/\\\/traumaperspective.com\\\/\"},{\"@type\":\"ListItem\",\"position\":2,\"name\":\"Products\",\"item\":\"https:\\\/\\\/traumaperspective.com\\\/en\\\/shop\\\/\"},{\"@type\":\"ListItem\",\"position\":3,\"name\":\"Guia pr\u00e1ctica\"}]},{\"@type\":\"WebSite\",\"@id\":\"https:\\\/\\\/traumaperspective.com\\\/#website\",\"url\":\"https:\\\/\\\/traumaperspective.com\\\/\",\"name\":\"Trauma Perspective\",\"description\":\"Trauma Perspective\",\"publisher\":{\"@id\":\"https:\\\/\\\/traumaperspective.com\\\/#organization\"},\"potentialAction\":[{\"@type\":\"SearchAction\",\"target\":{\"@type\":\"EntryPoint\",\"urlTemplate\":\"https:\\\/\\\/traumaperspective.com\\\/?s={search_term_string}\"},\"query-input\":{\"@type\":\"PropertyValueSpecification\",\"valueRequired\":true,\"valueName\":\"search_term_string\"}}],\"inLanguage\":\"en-US\"},{\"@type\":\"Organization\",\"@id\":\"https:\\\/\\\/traumaperspective.com\\\/#organization\",\"name\":\"Trauma Perspective\",\"url\":\"https:\\\/\\\/traumaperspective.com\\\/\",\"logo\":{\"@type\":\"ImageObject\",\"inLanguage\":\"en-US\",\"@id\":\"https:\\\/\\\/traumaperspective.com\\\/#\\\/schema\\\/logo\\\/image\\\/\",\"url\":\"https:\\\/\\\/traumaperspective.com\\\/wp-content\\\/uploads\\\/2023\\\/09\\\/cropped-icono.png\",\"contentUrl\":\"https:\\\/\\\/traumaperspective.com\\\/wp-content\\\/uploads\\\/2023\\\/09\\\/cropped-icono.png\",\"width\":512,\"height\":512,\"caption\":\"Trauma Perspective\"},\"image\":{\"@id\":\"https:\\\/\\\/traumaperspective.com\\\/#\\\/schema\\\/logo\\\/image\\\/\"}}]}<\/script>\n<!-- \/ Yoast SEO plugin. -->","yoast_head_json":{"title":"[:es]Guia pr\u00e1ctica[:en]Gu\u00eda pr\u00e1ctica[:ru]\u041f\u0440\u0430\u043a\u0442\u0438\u0447\u0435\u0441\u043a\u043e\u0435 \u0440\u0443\u043a\u043e\u0432\u043e\u0434\u0441\u0442\u0432\u043e[:ca]Guia pr\u00e0ctica[:] - Trauma Perspective","robots":{"index":"index","follow":"follow","max-snippet":"max-snippet:-1","max-image-preview":"max-image-preview:large","max-video-preview":"max-video-preview:-1"},"canonical":"https:\/\/traumaperspective.com\/product\/guia-practica\/","og_locale":"en_US","og_type":"article","og_title":"[:es]Guia pr\u00e1ctica[:en]Gu\u00eda pr\u00e1ctica[:ru]\u041f\u0440\u0430\u043a\u0442\u0438\u0447\u0435\u0441\u043a\u043e\u0435 \u0440\u0443\u043a\u043e\u0432\u043e\u0434\u0441\u0442\u0432\u043e[:ca]Guia pr\u00e0ctica[:] - Trauma Perspective","og_description":"Any practice can trigger unexpected intense reactions. Only engage in them if you have minimal support, space, time, and resources. If you don\u2019t have these now, seek help from a&hellip;","og_url":"https:\/\/traumaperspective.com\/product\/guia-practica\/","og_site_name":"Trauma Perspective","article_modified_time":"2023-11-27T12:25:52+00:00","og_image":[{"width":1024,"height":1024,"url":"https:\/\/traumaperspective.com\/wp-content\/uploads\/2023\/11\/document-icon.jpeg","type":"image\/jpeg"}],"twitter_card":"summary_large_image","twitter_misc":{"Est. reading time":"5 minutes"},"schema":{"@context":"https:\/\/schema.org","@graph":[{"@type":"WebPage","@id":"https:\/\/traumaperspective.com\/product\/guia-practica\/","url":"https:\/\/traumaperspective.com\/product\/guia-practica\/","name":"[:es]Guia pr\u00e1ctica[:en]Gu\u00eda pr\u00e1ctica[:ru]\u041f\u0440\u0430\u043a\u0442\u0438\u0447\u0435\u0441\u043a\u043e\u0435 \u0440\u0443\u043a\u043e\u0432\u043e\u0434\u0441\u0442\u0432\u043e[:ca]Guia pr\u00e0ctica[:] - Trauma Perspective","isPartOf":{"@id":"https:\/\/traumaperspective.com\/#website"},"primaryImageOfPage":{"@id":"https:\/\/traumaperspective.com\/product\/guia-practica\/#primaryimage"},"image":{"@id":"https:\/\/traumaperspective.com\/product\/guia-practica\/#primaryimage"},"thumbnailUrl":"https:\/\/traumaperspective.com\/wp-content\/uploads\/2023\/11\/document-icon.jpeg","datePublished":"2023-11-24T12:55:41+00:00","dateModified":"2023-11-27T12:25:52+00:00","breadcrumb":{"@id":"https:\/\/traumaperspective.com\/product\/guia-practica\/#breadcrumb"},"inLanguage":"en-US","potentialAction":[{"@type":"ReadAction","target":["https:\/\/traumaperspective.com\/product\/guia-practica\/"]}]},{"@type":"ImageObject","inLanguage":"en-US","@id":"https:\/\/traumaperspective.com\/product\/guia-practica\/#primaryimage","url":"https:\/\/traumaperspective.com\/wp-content\/uploads\/2023\/11\/document-icon.jpeg","contentUrl":"https:\/\/traumaperspective.com\/wp-content\/uploads\/2023\/11\/document-icon.jpeg","width":1024,"height":1024},{"@type":"BreadcrumbList","@id":"https:\/\/traumaperspective.com\/product\/guia-practica\/#breadcrumb","itemListElement":[{"@type":"ListItem","position":1,"name":"Portada","item":"https:\/\/traumaperspective.com\/"},{"@type":"ListItem","position":2,"name":"Products","item":"https:\/\/traumaperspective.com\/en\/shop\/"},{"@type":"ListItem","position":3,"name":"Guia pr\u00e1ctica"}]},{"@type":"WebSite","@id":"https:\/\/traumaperspective.com\/#website","url":"https:\/\/traumaperspective.com\/","name":"Trauma Perspective","description":"Trauma Perspective","publisher":{"@id":"https:\/\/traumaperspective.com\/#organization"},"potentialAction":[{"@type":"SearchAction","target":{"@type":"EntryPoint","urlTemplate":"https:\/\/traumaperspective.com\/?s={search_term_string}"},"query-input":{"@type":"PropertyValueSpecification","valueRequired":true,"valueName":"search_term_string"}}],"inLanguage":"en-US"},{"@type":"Organization","@id":"https:\/\/traumaperspective.com\/#organization","name":"Trauma Perspective","url":"https:\/\/traumaperspective.com\/","logo":{"@type":"ImageObject","inLanguage":"en-US","@id":"https:\/\/traumaperspective.com\/#\/schema\/logo\/image\/","url":"https:\/\/traumaperspective.com\/wp-content\/uploads\/2023\/09\/cropped-icono.png","contentUrl":"https:\/\/traumaperspective.com\/wp-content\/uploads\/2023\/09\/cropped-icono.png","width":512,"height":512,"caption":"Trauma Perspective"},"image":{"@id":"https:\/\/traumaperspective.com\/#\/schema\/logo\/image\/"}}]}},"_links":{"self":[{"href":"https:\/\/traumaperspective.com\/en\/wp-json\/wp\/v2\/product\/22392","targetHints":{"allow":["GET"]}}],"collection":[{"href":"https:\/\/traumaperspective.com\/en\/wp-json\/wp\/v2\/product"}],"about":[{"href":"https:\/\/traumaperspective.com\/en\/wp-json\/wp\/v2\/types\/product"}],"replies":[{"embeddable":true,"href":"https:\/\/traumaperspective.com\/en\/wp-json\/wp\/v2\/comments?post=22392"}],"wp:featuredmedia":[{"embeddable":true,"href":"https:\/\/traumaperspective.com\/en\/wp-json\/wp\/v2\/media\/22393"}],"wp:attachment":[{"href":"https:\/\/traumaperspective.com\/en\/wp-json\/wp\/v2\/media?parent=22392"}],"wp:term":[{"taxonomy":"product_brand","embeddable":true,"href":"https:\/\/traumaperspective.com\/en\/wp-json\/wp\/v2\/product_brand?post=22392"},{"taxonomy":"product_cat","embeddable":true,"href":"https:\/\/traumaperspective.com\/en\/wp-json\/wp\/v2\/product_cat?post=22392"},{"taxonomy":"product_tag","embeddable":true,"href":"https:\/\/traumaperspective.com\/en\/wp-json\/wp\/v2\/product_tag?post=22392"}],"curies":[{"name":"wp","href":"https:\/\/api.w.org\/{rel}","templated":true}]}}